{"id":58,"date":"2020-02-04T14:14:10","date_gmt":"2020-02-04T14:14:10","guid":{"rendered":"http:\/\/juergen-ladda.de\/?page_id=58"},"modified":"2020-04-04T13:27:16","modified_gmt":"2020-04-04T13:27:16","slug":"impressum","status":"publish","type":"page","link":"https:\/\/juergen-ladda.de\/?page_id=58","title":{"rendered":"Impressum"},"content":{"rendered":"\n<p class=\"has-text-align-left\"><strong> Angaben gem\u00e4\u00df \u00a7 5 TMG:<\/strong><br> J\u00fcrgen Ladda<br> K\u00fchlwetterstra\u00dfe 12<br> 40239 D\u00fcsseldorf<br> &nbsp;<br><strong> Kontakt:<\/strong><br> Telefon: 02211 625 897<br>Mobil: 0157 859 662 38<br> E-Mail: info@juergenJuergen-ladda.de<br> &nbsp;<br><strong> Umsatzsteuer:<\/strong><br> Umsatzsteuer-Identifikationsnummer gem\u00e4\u00df \u00a727 a Umsatzsteuergesetz:<br> USt-IdNr. DE237214635<br> &nbsp;<br><strong> Verantwortlich f\u00fcr den Inhalt nach \u00a7 55 Abs. 2 RStV:<\/strong><br> J\u00fcrgen Ladda<br> K\u00fchlwetterstra\u00dfe 12<br> 40239 D\u00fcsseldorf<br> &nbsp;<br><strong> Streitschlichtung:<\/strong><\/p>\n\n\n\n<p class=\"has-text-align-left\">Die Europ\u00e4ische Kommission stellt eine Plattform zur Online-Streitbeilegung (OS) bereit: https:\/\/ec.europa.eu\/consumers\/odr<br>Unsere E-Mail-Adresse finden Sie oben im Impressum. Wir sind nicht bereit oder verpflichtet, an Streitbeilegungsverfahren vor einer Verbraucherschlichtungsstelle teilzunehmen.<br> &nbsp;<br><strong> HAFTUNGSAUSSCHLUSS<\/strong><\/p>\n\n\n\n<p class=\"has-text-align-left\"><strong>Haftung f\u00fcr Inhalte:<\/strong><br>Alle Inhalte dieser Internetseite werden mit der h\u00f6chsten Sorgfalt erstellt, jedoch kann ich f\u00fcr die Richtigkeit, Vollst\u00e4ndigkeit und Aktualit\u00e4t der Inhalte keine Gew\u00e4hr \u00fcbernehmen. Alle auf meiner Internetseite vorhandenen Angebote sind demnach freibleibend und unverbindlich. Dar\u00fcber hinaus behalte ich mir vor, Teile der Internetseite oder auch das gesamte Angebot ohne vorherige Ank\u00fcndigung jederzeit zu ver\u00e4ndern, zu erg\u00e4nzen, zu l\u00f6schen oder die Ver\u00f6ffentlichung einzustellen.<br> Ich bin gem\u00e4\u00df \u00a7 7 Abs. 1 TMG f\u00fcr eigene Inhalte auf dieser Website verantwortlich. Ich bin als Dienstanbieterin jedoch nicht verpflichtet, \u00fcbermittelte oder gespeicherte fremde Informationen zu \u00fcberwachen oder nach Umst\u00e4nden zu forschen, die auf eine rechtswidrige T\u00e4tigkeit hinweisen; vgl. hierzu \u00a7\u00a7 8 \u2013 10 TMG. Verpflichtungen zur Entfernung oder Sperrung der Nutzung von Informationen bleiben hiervon unber\u00fchrt. Eine Haftung meinerseits ist jedoch erst ab dem Zeitpunkt der Kenntnis der entsprechenden Rechtsverletzung und bei nachweislich vors\u00e4tzlichem oder grob fahrl\u00e4ssigem Verschulden m\u00f6glich. Ansonsten ist eine Haftung, bezogen auf Sch\u00e4den materieller oder ideeller Art, die durch die Nutzung oder Nichtnutzung der auf der Internetseite ver\u00f6ffentlichten Informationen oder durch die Nutzung fehlerhafter oder unvollst\u00e4ndiger Informationen verursacht wurden, ausgeschlossen. Bei Bekanntwerden entsprechender Rechtsverletzungen werden diese Inhalte umgehend entfernt.<br> &nbsp;<br><strong> Haftung f\u00fcr Links:<\/strong><br> Diese Internetseite enth\u00e4lt Links zu externen Internetseiten Dritter, auf deren Inhalt ich keinen Einfluss habe. Aus diesem Grund kann ich auch keine Gew\u00e4hr f\u00fcr entsprechende fremde Inhalte \u00fcbernehmen. Vielmehr ist f\u00fcr diese Inhalte stets der jeweilige Anbieter bzw. Betreiber der Internetseite verantwortlich. Die verlinkten Internetseiten werden durch mich zum Zeitpunkt der Verlinkung auf m\u00f6gliche Rechtsverst\u00f6\u00dfe \u00fcberpr\u00fcft und nur dann verlinkt, wenn f\u00fcr mich keine Rechtsverst\u00f6\u00dfe erkennbar sind. Eine dauerhafte oder wiederholte Pr\u00fcfung erfolgt hingegen nicht und kann aufgrund des enormen Aufwands, den eine kontinuierliche \u00dcberpr\u00fcfung zufolge h\u00e4tte, nicht erwartet werden. Sollten mir Rechtsverletzungen auf verlinkten Internetseiten bekannt werden, werden die entsprechenden Verlinkungen umgehend entfernt.<br> &nbsp;<br><strong> Urheberrecht:<\/strong><br> Die durch mich als Internetseitenbetreiber erstellten Inhalte und Werke auf dieser Internetseite unterliegen den deutschen Urheberrechtsbestimmungen. Jedwede Vervielf\u00e4ltigung, Bearbeitung, Verbreitung und Verwertung au\u00dferhalb der Grenzen des Urheberrechts sind nicht gestattet. Sie bed\u00fcrfen der ausdr\u00fccklichen, schriftlichen Genehmigung durch mich. Downloads und Kopien dieser Internetseite d\u00fcrfen lediglich f\u00fcr private, nicht jedoch f\u00fcr kommerzielle Zwecke genutzt werden. Insofern Inhalte auf dieser Internetseite nicht von mir erstellt wurden, beachte ich die Urheberrechte Dritter und kennzeichne fremde Werke entsprechend. Ich bitte um Hinweise, falls Sie auf Urheberrechtsverletzungen aufmerksam werden. Ich werde den Sachverhalt pr\u00fcfen und im Fall einer Rechtsverletzung die entsprechenden Inhalte umgehend entfernen.<\/p>\n\n\n\n<p>J\u00fcrgen Ladda  Grafik Design &amp; Illustration<\/p>\n","protected":false},"excerpt":{"rendered":"<p>Angaben gem\u00e4\u00df \u00a7 5 TMG: J\u00fcrgen Ladda K\u00fchlwetterstra\u00dfe 12 40239 D\u00fcsseldorf &nbsp; Kontakt: Telefon: 02211 625 897Mobil: 0157 859 662 38 E-Mail: info@juergenJuergen-ladda.de &nbsp; Umsatzsteuer: Umsatzsteuer-Identifikationsnummer gem\u00e4\u00df \u00a727 a Umsatzsteuergesetz: USt-IdNr. DE237214635 &nbsp; Verantwortlich f\u00fcr den Inhalt nach \u00a7 55 Abs. 2 RStV: J\u00fcrgen Ladda K\u00fchlwetterstra\u00dfe 12 40239 D\u00fcsseldorf &nbsp; Streitschlichtung: Die Europ\u00e4ische Kommission stellt &hellip; <\/p>\n<p class=\"link-more\"><a href=\"https:\/\/juergen-ladda.de\/?page_id=58\" class=\"more-link\"><span class=\"screen-reader-text\">\u201eImpressum\u201c <\/span>weiterlesen<\/a><\/p>\n","protected":false},"author":1,"featured_media":0,"parent":0,"menu_order":0,"comment_status":"closed","ping_status":"closed","template":"","meta":{"footnotes":""},"class_list":["post-58","page","type-page","status-publish","hentry"],"_links":{"self":[{"href":"https:\/\/juergen-ladda.de\/index.php?rest_route=\/wp\/v2\/pages\/58","targetHints":{"allow":["GET"]}}],"collection":[{"href":"https:\/\/juergen-ladda.de\/index.php?rest_route=\/wp\/v2\/pages"}],"about":[{"href":"https:\/\/juergen-ladda.de\/index.php?rest_route=\/wp\/v2\/types\/page"}],"author":[{"embeddable":true,"href":"https:\/\/juergen-ladda.de\/index.php?rest_route=\/wp\/v2\/users\/1"}],"replies":[{"embeddable":true,"href":"https:\/\/juergen-ladda.de\/index.php?rest_route=%2Fwp%2Fv2%2Fcomments&post=58"}],"version-history":[{"count":4,"href":"https:\/\/juergen-ladda.de\/index.php?rest_route=\/wp\/v2\/pages\/58\/revisions"}],"predecessor-version":[{"id":260,"href":"https:\/\/juergen-ladda.de\/index.php?rest_route=\/wp\/v2\/pages\/58\/revisions\/260"}],"wp:attachment":[{"href":"https:\/\/juergen-ladda.de\/index.php?rest_route=%2Fwp%2Fv2%2Fmedia&parent=58"}],"curies":[{"name":"wp","href":"https:\/\/api.w.org\/{rel}","templated":true}]}}