{"id":36,"date":"2020-02-02T13:42:51","date_gmt":"2020-02-02T13:42:51","guid":{"rendered":"http:\/\/juergen-ladda.de\/?page_id=36"},"modified":"2020-02-02T15:21:18","modified_gmt":"2020-02-02T15:21:18","slug":"kontakt","status":"publish","type":"page","link":"https:\/\/juergen-ladda.de\/?page_id=36","title":{"rendered":"Kontakt"},"content":{"rendered":"\n<p>J\u00fcrgen Ladda<br><\/p>\n\n\n\n<p>K\u00fchlwetterstra\u00dfe 12<br>40239 D\u00fcsseldorf<\/p>\n\n\n\n<p><a href=\"mailto:j.ladda@juergen-ladda.de\">j.ladda@juergen-ladda.de<\/a><\/p>\n","protected":false},"excerpt":{"rendered":"<p>J\u00fcrgen Ladda K\u00fchlwetterstra\u00dfe 1240239 D\u00fcsseldorf j.ladda@juergen-ladda.de<\/p>\n","protected":false},"author":1,"featured_media":0,"parent":0,"menu_order":0,"comment_status":"closed","ping_status":"closed","template":"","meta":{"footnotes":""},"class_list":["post-36","page","type-page","status-publish","hentry"],"_links":{"self":[{"href":"https:\/\/juergen-ladda.de\/index.php?rest_route=\/wp\/v2\/pages\/36","targetHints":{"allow":["GET"]}}],"collection":[{"href":"https:\/\/juergen-ladda.de\/index.php?rest_route=\/wp\/v2\/pages"}],"about":[{"href":"https:\/\/juergen-ladda.de\/index.php?rest_route=\/wp\/v2\/types\/page"}],"author":[{"embeddable":true,"href":"https:\/\/juergen-ladda.de\/index.php?rest_route=\/wp\/v2\/users\/1"}],"replies":[{"embeddable":true,"href":"https:\/\/juergen-ladda.de\/index.php?rest_route=%2Fwp%2Fv2%2Fcomments&post=36"}],"version-history":[{"count":3,"href":"https:\/\/juergen-ladda.de\/index.php?rest_route=\/wp\/v2\/pages\/36\/revisions"}],"predecessor-version":[{"id":55,"href":"https:\/\/juergen-ladda.de\/index.php?rest_route=\/wp\/v2\/pages\/36\/revisions\/55"}],"wp:attachment":[{"href":"https:\/\/juergen-ladda.de\/index.php?rest_route=%2Fwp%2Fv2%2Fmedia&parent=36"}],"curies":[{"name":"wp","href":"https:\/\/api.w.org\/{rel}","templated":true}]}}