{"id":26,"date":"2020-02-02T13:39:38","date_gmt":"2020-02-02T13:39:38","guid":{"rendered":"http:\/\/juergen-ladda.de\/?page_id=26"},"modified":"2020-04-04T16:05:50","modified_gmt":"2020-04-04T16:05:50","slug":"skribbles","status":"publish","type":"page","link":"https:\/\/juergen-ladda.de\/?page_id=26","title":{"rendered":"Skribbles"},"content":{"rendered":"\n<p>Skribbles benutze ich um erste Ideen grob zu skizzieren. Die Skizzen helfen bei der Projektarbeit und bieten einen ersten Eindruck \u00fcber m\u00f6gliche Bildwelten, Funktionszusammenh\u00e4nge oder Produkt-Storys. Erstelle auch f\u00fcr Agenturen und Verlage Skribbles nach Briefing und Thema. Storyboards f\u00fcr TV-Werbung und Filmproduktion.<\/p>\n\n\n\n<p><code><div class=\"rl-gallery-container splide rl-loading\" id=\"rl-gallery-container-1\" data-gallery_id=\"200\"> <div class=\"rl-gallery rl-basicslider-gallery splide__track \" id=\"rl-gallery-1\" data-gallery_no=\"1\"> <ul class=\"splide__list\"> <li class=\"rl-gallery-item splide__slide\" data-thumb=\"https:\/\/juergen-ladda.de\/wp-content\/uploads\/2020\/03\/stier_01-768x432.jpg\"> <a href=\"https:\/\/juergen-ladda.de\/wp-content\/uploads\/2020\/03\/stier_01-768x432.jpg\" title=\"\" data-rl_title=\"\" class=\"rl-gallery-link\" data-rl_caption=\"\" data-rel=\"lightbox-gallery-1\"><img loading=\"lazy\" decoding=\"async\" src=\"https:\/\/juergen-ladda.de\/wp-content\/uploads\/2020\/03\/stier_01-768x432.jpg\" width=\"525\" height=\"295\" alt=\"stier greift an\" \/><\/a> <\/li> <li class=\"rl-gallery-item splide__slide\" data-thumb=\"https:\/\/juergen-ladda.de\/wp-content\/uploads\/2020\/03\/stier-768x432.jpg\"> <a href=\"https:\/\/juergen-ladda.de\/wp-content\/uploads\/2020\/03\/stier-768x432.jpg\" title=\"\" data-rl_title=\"\" class=\"rl-gallery-link\" data-rl_caption=\"\" data-rel=\"lightbox-gallery-1\"><img loading=\"lazy\" decoding=\"async\" src=\"https:\/\/juergen-ladda.de\/wp-content\/uploads\/2020\/03\/stier-768x432.jpg\" width=\"525\" height=\"295\" alt=\"Frau nommt den Stier bei den H\u00f6rnern\" \/><\/a> <\/li> <li class=\"rl-gallery-item splide__slide\" data-thumb=\"https:\/\/juergen-ladda.de\/wp-content\/uploads\/2020\/03\/zweimal_skribbles-768x432.jpg\"> <a href=\"https:\/\/juergen-ladda.de\/wp-content\/uploads\/2020\/03\/zweimal_skribbles-768x432.jpg\" title=\"\" data-rl_title=\"\" class=\"rl-gallery-link\" data-rl_caption=\"\" data-rel=\"lightbox-gallery-1\"><img loading=\"lazy\" decoding=\"async\" src=\"https:\/\/juergen-ladda.de\/wp-content\/uploads\/2020\/03\/zweimal_skribbles-768x432.jpg\" width=\"525\" height=\"295\" alt=\"\" \/><\/a> <\/li> <li class=\"rl-gallery-item splide__slide\" data-thumb=\"https:\/\/juergen-ladda.de\/wp-content\/uploads\/2020\/03\/einmal_skribbles-768x432.jpg\"> <a href=\"https:\/\/juergen-ladda.de\/wp-content\/uploads\/2020\/03\/einmal_skribbles-768x432.jpg\" title=\"\" data-rl_title=\"\" class=\"rl-gallery-link\" data-rl_caption=\"\" data-rel=\"lightbox-gallery-1\"><img loading=\"lazy\" decoding=\"async\" src=\"https:\/\/juergen-ladda.de\/wp-content\/uploads\/2020\/03\/einmal_skribbles-768x432.jpg\" width=\"525\" height=\"295\" alt=\"\" \/><\/a> <\/li> <li class=\"rl-gallery-item splide__slide\" data-thumb=\"https:\/\/juergen-ladda.de\/wp-content\/uploads\/2020\/03\/apostory-1-768x432.jpg\"> <a href=\"https:\/\/juergen-ladda.de\/wp-content\/uploads\/2020\/03\/apostory-1-768x432.jpg\" title=\"\" data-rl_title=\"\" class=\"rl-gallery-link\" data-rl_caption=\"\" data-rel=\"lightbox-gallery-1\"><img loading=\"lazy\" decoding=\"async\" src=\"https:\/\/juergen-ladda.de\/wp-content\/uploads\/2020\/03\/apostory-1-768x432.jpg\" width=\"525\" height=\"295\" alt=\"\" \/><\/a> <\/li> <li class=\"rl-gallery-item splide__slide\" data-thumb=\"https:\/\/juergen-ladda.de\/wp-content\/uploads\/2020\/03\/Pros_flaschen_skribbles-768x432.jpg\"> <a href=\"https:\/\/juergen-ladda.de\/wp-content\/uploads\/2020\/03\/Pros_flaschen_skribbles-768x432.jpg\" title=\"\" data-rl_title=\"\" class=\"rl-gallery-link\" data-rl_caption=\"Flaschenformen und Materialit\u00e4t\" data-rel=\"lightbox-gallery-1\"><img loading=\"lazy\" decoding=\"async\" src=\"https:\/\/juergen-ladda.de\/wp-content\/uploads\/2020\/03\/Pros_flaschen_skribbles-768x432.jpg\" width=\"525\" height=\"295\" alt=\"Flaschenformen und Materialit\u00e4t\" \/><\/a> <\/li> <li class=\"rl-gallery-item splide__slide\" data-thumb=\"https:\/\/juergen-ladda.de\/wp-content\/uploads\/2020\/03\/diskussion-1-768x432.jpg\"> <a href=\"https:\/\/juergen-ladda.de\/wp-content\/uploads\/2020\/03\/diskussion-1-768x432.jpg\" title=\"\" data-rl_title=\"\" class=\"rl-gallery-link\" data-rl_caption=\"\" data-rel=\"lightbox-gallery-1\"><img loading=\"lazy\" decoding=\"async\" src=\"https:\/\/juergen-ladda.de\/wp-content\/uploads\/2020\/03\/diskussion-1-768x432.jpg\" width=\"525\" height=\"295\" alt=\"\" \/><\/a> <\/li> <li class=\"rl-gallery-item splide__slide\" data-thumb=\"https:\/\/juergen-ladda.de\/wp-content\/uploads\/2020\/03\/kissenschlacht_01-768x432.jpg\"> <a href=\"https:\/\/juergen-ladda.de\/wp-content\/uploads\/2020\/03\/kissenschlacht_01-768x432.jpg\" title=\"\" data-rl_title=\"\" class=\"rl-gallery-link\" data-rl_caption=\"\" data-rel=\"lightbox-gallery-1\"><img loading=\"lazy\" decoding=\"async\" src=\"https:\/\/juergen-ladda.de\/wp-content\/uploads\/2020\/03\/kissenschlacht_01-768x432.jpg\" width=\"525\" height=\"295\" alt=\"\" \/><\/a> <\/li> <li class=\"rl-gallery-item splide__slide\" data-thumb=\"https:\/\/juergen-ladda.de\/wp-content\/uploads\/2020\/03\/kissenschlacht_04-768x432.jpg\"> <a href=\"https:\/\/juergen-ladda.de\/wp-content\/uploads\/2020\/03\/kissenschlacht_04-768x432.jpg\" title=\"\" data-rl_title=\"\" class=\"rl-gallery-link\" data-rl_caption=\"\" data-rel=\"lightbox-gallery-1\"><img loading=\"lazy\" decoding=\"async\" src=\"https:\/\/juergen-ladda.de\/wp-content\/uploads\/2020\/03\/kissenschlacht_04-768x432.jpg\" width=\"525\" height=\"295\" alt=\"\" \/><\/a> <\/li> <li class=\"rl-gallery-item splide__slide\" data-thumb=\"https:\/\/juergen-ladda.de\/wp-content\/uploads\/2020\/03\/kissenschlacht_03-768x432.jpg\"> <a href=\"https:\/\/juergen-ladda.de\/wp-content\/uploads\/2020\/03\/kissenschlacht_03-768x432.jpg\" title=\"\" data-rl_title=\"\" class=\"rl-gallery-link\" data-rl_caption=\"\" data-rel=\"lightbox-gallery-1\"><img loading=\"lazy\" decoding=\"async\" src=\"https:\/\/juergen-ladda.de\/wp-content\/uploads\/2020\/03\/kissenschlacht_03-768x432.jpg\" width=\"525\" height=\"295\" alt=\"\" \/><\/a> <\/li> <li class=\"rl-gallery-item splide__slide\" data-thumb=\"https:\/\/juergen-ladda.de\/wp-content\/uploads\/2020\/03\/kissenschlacht_02-768x432.jpg\"> <a href=\"https:\/\/juergen-ladda.de\/wp-content\/uploads\/2020\/03\/kissenschlacht_02-768x432.jpg\" title=\"\" data-rl_title=\"\" class=\"rl-gallery-link\" data-rl_caption=\"\" data-rel=\"lightbox-gallery-1\"><img loading=\"lazy\" decoding=\"async\" src=\"https:\/\/juergen-ladda.de\/wp-content\/uploads\/2020\/03\/kissenschlacht_02-768x432.jpg\" width=\"525\" height=\"295\" alt=\"\" \/><\/a> <\/li> <li class=\"rl-gallery-item splide__slide\" data-thumb=\"https:\/\/juergen-ladda.de\/wp-content\/uploads\/2020\/03\/glas_head-1-768x432.jpg\"> <a href=\"https:\/\/juergen-ladda.de\/wp-content\/uploads\/2020\/03\/glas_head-1-768x432.jpg\" title=\"\" data-rl_title=\"\" class=\"rl-gallery-link\" data-rl_caption=\"\" data-rel=\"lightbox-gallery-1\"><img loading=\"lazy\" decoding=\"async\" src=\"https:\/\/juergen-ladda.de\/wp-content\/uploads\/2020\/03\/glas_head-1-768x432.jpg\" width=\"525\" height=\"295\" alt=\"\" \/><\/a> <\/li> <li class=\"rl-gallery-item splide__slide\" data-thumb=\"https:\/\/juergen-ladda.de\/wp-content\/uploads\/2020\/03\/niko_jump-768x432.jpg\"> <a href=\"https:\/\/juergen-ladda.de\/wp-content\/uploads\/2020\/03\/niko_jump-768x432.jpg\" title=\"\" data-rl_title=\"\" class=\"rl-gallery-link\" data-rl_caption=\"\" data-rel=\"lightbox-gallery-1\"><img loading=\"lazy\" decoding=\"async\" src=\"https:\/\/juergen-ladda.de\/wp-content\/uploads\/2020\/03\/niko_jump-768x432.jpg\" width=\"525\" height=\"295\" alt=\"Skribble Schaufensterdeko Nikolaus\" \/><\/a> <\/li> <li class=\"rl-gallery-item splide__slide\" data-thumb=\"https:\/\/juergen-ladda.de\/wp-content\/uploads\/2020\/03\/niko_jump_2-768x432.jpg\"> <a href=\"https:\/\/juergen-ladda.de\/wp-content\/uploads\/2020\/03\/niko_jump_2-768x432.jpg\" title=\"\" data-rl_title=\"\" class=\"rl-gallery-link\" data-rl_caption=\"\" data-rel=\"lightbox-gallery-1\"><img loading=\"lazy\" decoding=\"async\" src=\"https:\/\/juergen-ladda.de\/wp-content\/uploads\/2020\/03\/niko_jump_2-768x432.jpg\" width=\"525\" height=\"295\" alt=\"Skribble Schaufensterdeko\" \/><\/a> <\/li> <li class=\"rl-gallery-item splide__slide\" data-thumb=\"https:\/\/juergen-ladda.de\/wp-content\/uploads\/2020\/03\/Bio_skribble-768x542.jpg\"> <a href=\"https:\/\/juergen-ladda.de\/wp-content\/uploads\/2020\/03\/Bio_skribble-768x542.jpg\" title=\"\" data-rl_title=\"\" class=\"rl-gallery-link\" data-rl_caption=\"\" data-rel=\"lightbox-gallery-1\"><img loading=\"lazy\" decoding=\"async\" src=\"https:\/\/juergen-ladda.de\/wp-content\/uploads\/2020\/03\/Bio_skribble-768x542.jpg\" width=\"525\" height=\"371\" alt=\"\" \/><\/a> <\/li> <li class=\"rl-gallery-item splide__slide\" data-thumb=\"https:\/\/juergen-ladda.de\/wp-content\/uploads\/2020\/03\/Pros_story_01-768x432.jpg\"> <a href=\"https:\/\/juergen-ladda.de\/wp-content\/uploads\/2020\/03\/Pros_story_01-768x432.jpg\" title=\"\" data-rl_title=\"\" class=\"rl-gallery-link\" data-rl_caption=\"\" data-rel=\"lightbox-gallery-1\"><img loading=\"lazy\" decoding=\"async\" src=\"https:\/\/juergen-ladda.de\/wp-content\/uploads\/2020\/03\/Pros_story_01-768x432.jpg\" width=\"525\" height=\"295\" alt=\"\" \/><\/a> <\/li> <li class=\"rl-gallery-item splide__slide\" data-thumb=\"https:\/\/juergen-ladda.de\/wp-content\/uploads\/2020\/03\/Pros_story_02-768x432.jpg\"> <a href=\"https:\/\/juergen-ladda.de\/wp-content\/uploads\/2020\/03\/Pros_story_02-768x432.jpg\" title=\"\" data-rl_title=\"\" class=\"rl-gallery-link\" data-rl_caption=\"\" data-rel=\"lightbox-gallery-1\"><img loading=\"lazy\" decoding=\"async\" src=\"https:\/\/juergen-ladda.de\/wp-content\/uploads\/2020\/03\/Pros_story_02-768x432.jpg\" width=\"525\" height=\"295\" alt=\"\" \/><\/a> <\/li> <li class=\"rl-gallery-item splide__slide\" data-thumb=\"https:\/\/juergen-ladda.de\/wp-content\/uploads\/2020\/03\/Pros_story_03-768x432.jpg\"> <a href=\"https:\/\/juergen-ladda.de\/wp-content\/uploads\/2020\/03\/Pros_story_03-768x432.jpg\" title=\"\" data-rl_title=\"\" class=\"rl-gallery-link\" data-rl_caption=\"\" data-rel=\"lightbox-gallery-1\"><img loading=\"lazy\" decoding=\"async\" src=\"https:\/\/juergen-ladda.de\/wp-content\/uploads\/2020\/03\/Pros_story_03-768x432.jpg\" width=\"525\" height=\"295\" alt=\"\" \/><\/a> <\/li> <li class=\"rl-gallery-item splide__slide\" data-thumb=\"https:\/\/juergen-ladda.de\/wp-content\/uploads\/2020\/03\/Pros_story_04-768x432.jpg\"> <a href=\"https:\/\/juergen-ladda.de\/wp-content\/uploads\/2020\/03\/Pros_story_04-768x432.jpg\" title=\"\" data-rl_title=\"\" class=\"rl-gallery-link\" data-rl_caption=\"\" data-rel=\"lightbox-gallery-1\"><img loading=\"lazy\" decoding=\"async\" src=\"https:\/\/juergen-ladda.de\/wp-content\/uploads\/2020\/03\/Pros_story_04-768x432.jpg\" width=\"525\" height=\"295\" alt=\"\" \/><\/a> <\/li> <li class=\"rl-gallery-item splide__slide\" data-thumb=\"https:\/\/juergen-ladda.de\/wp-content\/uploads\/2020\/03\/story_garten-768x432.jpg\"> <a href=\"https:\/\/juergen-ladda.de\/wp-content\/uploads\/2020\/03\/story_garten-768x432.jpg\" title=\"\" data-rl_title=\"\" class=\"rl-gallery-link\" data-rl_caption=\"\" data-rel=\"lightbox-gallery-1\"><img loading=\"lazy\" decoding=\"async\" src=\"https:\/\/juergen-ladda.de\/wp-content\/uploads\/2020\/03\/story_garten-768x432.jpg\" width=\"525\" height=\"295\" alt=\"\" \/><\/a> <\/li> <\/ul> <\/div> <h4 class=\"rl-gallery-title\">Skribbles<\/h4><div class=\"rl-gallery-description\">Skribbles Kampagne, Anzeigenmotive, Storyboards, Verpackung, Display<\/div> <\/div><\/code><\/p>\n","protected":false},"excerpt":{"rendered":"<p>Skribbles benutze ich um erste Ideen grob zu skizzieren. Die Skizzen helfen bei der Projektarbeit und bieten einen ersten Eindruck \u00fcber m\u00f6gliche Bildwelten, Funktionszusammenh\u00e4nge oder Produkt-Storys. Erstelle auch f\u00fcr Agenturen und Verlage Skribbles nach Briefing und Thema. Storyboards f\u00fcr TV-Werbung und Filmproduktion.<\/p>\n","protected":false},"author":1,"featured_media":277,"parent":0,"menu_order":0,"comment_status":"closed","ping_status":"closed","template":"","meta":{"footnotes":""},"class_list":["post-26","page","type-page","status-publish","has-post-thumbnail","hentry"],"_links":{"self":[{"href":"https:\/\/juergen-ladda.de\/index.php?rest_route=\/wp\/v2\/pages\/26","targetHints":{"allow":["GET"]}}],"collection":[{"href":"https:\/\/juergen-ladda.de\/index.php?rest_route=\/wp\/v2\/pages"}],"about":[{"href":"https:\/\/juergen-ladda.de\/index.php?rest_route=\/wp\/v2\/types\/page"}],"author":[{"embeddable":true,"href":"https:\/\/juergen-ladda.de\/index.php?rest_route=\/wp\/v2\/users\/1"}],"replies":[{"embeddable":true,"href":"https:\/\/juergen-ladda.de\/index.php?rest_route=%2Fwp%2Fv2%2Fcomments&post=26"}],"version-history":[{"count":7,"href":"https:\/\/juergen-ladda.de\/index.php?rest_route=\/wp\/v2\/pages\/26\/revisions"}],"predecessor-version":[{"id":233,"href":"https:\/\/juergen-ladda.de\/index.php?rest_route=\/wp\/v2\/pages\/26\/revisions\/233"}],"wp:featuredmedia":[{"embeddable":true,"href":"https:\/\/juergen-ladda.de\/index.php?rest_route=\/wp\/v2\/media\/277"}],"wp:attachment":[{"href":"https:\/\/juergen-ladda.de\/index.php?rest_route=%2Fwp%2Fv2%2Fmedia&parent=26"}],"curies":[{"name":"wp","href":"https:\/\/api.w.org\/{rel}","templated":true}]}}