{"id":25,"date":"2020-02-02T13:39:38","date_gmt":"2020-02-02T13:39:38","guid":{"rendered":"http:\/\/juergen-ladda.de\/?page_id=25"},"modified":"2020-04-04T16:46:30","modified_gmt":"2020-04-04T16:46:30","slug":"illustration","status":"publish","type":"page","link":"https:\/\/juergen-ladda.de\/?page_id=25","title":{"rendered":"Illustration"},"content":{"rendered":"\n<p>Nach Absprache mt Kunden und Aufraggebern fertige ich grobe Skizzen mit Bleistift an. Die finale Version bearbeite ich meist im Computer und gebe Farbe und Hintergrund hinzu. Je nach Auftrag wird die Illustrationen als hochaufl\u00f6sende Pixel- oder Vektordatei f\u00fcr den Druck, oder als JPG-, PNG- oder GIF-Datei f\u00fcr den digitalen Bereich zur Verf\u00fcgung gestellt.<\/p>\n\n\n<div class=\"rl-gallery-container splide rl-loading\" id=\"rl-gallery-container-1\" data-gallery_id=\"170\"> <div class=\"rl-gallery rl-basicslider-gallery splide__track rl-hover-effect-1\" id=\"rl-gallery-1\" data-gallery_no=\"1\"> <ul class=\"splide__list\"> <li class=\"rl-gallery-item splide__slide\" data-thumb=\"https:\/\/juergen-ladda.de\/wp-content\/uploads\/2020\/03\/land_in_sicht_illu-1024x576.jpg\"> <a href=\"https:\/\/juergen-ladda.de\/wp-content\/uploads\/2020\/03\/land_in_sicht_illu-1024x576.jpg\" title=\"\" data-rl_title=\"\" class=\"rl-gallery-link\" data-rl_caption=\"\" data-rel=\"lightbox-gallery-1\"><img loading=\"lazy\" decoding=\"async\" src=\"https:\/\/juergen-ladda.de\/wp-content\/uploads\/2020\/03\/land_in_sicht_illu-1024x576.jpg\" width=\"525\" height=\"295\" alt=\"\" \/><\/a> <\/li> <li class=\"rl-gallery-item splide__slide\" data-thumb=\"https:\/\/juergen-ladda.de\/wp-content\/uploads\/2020\/03\/elche_illu-1-1024x576.jpg\"> <a href=\"https:\/\/juergen-ladda.de\/wp-content\/uploads\/2020\/03\/elche_illu-1-1024x576.jpg\" title=\"\" data-rl_title=\"\" class=\"rl-gallery-link\" data-rl_caption=\"\" data-rel=\"lightbox-gallery-1\"><img loading=\"lazy\" decoding=\"async\" src=\"https:\/\/juergen-ladda.de\/wp-content\/uploads\/2020\/03\/elche_illu-1-1024x576.jpg\" width=\"525\" height=\"295\" alt=\"\" \/><\/a> <\/li> <li class=\"rl-gallery-item splide__slide\" data-thumb=\"https:\/\/juergen-ladda.de\/wp-content\/uploads\/2020\/03\/wimmelbild_illu-1024x576.jpg\"> <a href=\"https:\/\/juergen-ladda.de\/wp-content\/uploads\/2020\/03\/wimmelbild_illu-1024x576.jpg\" title=\"\" data-rl_title=\"\" class=\"rl-gallery-link\" data-rl_caption=\"\" data-rel=\"lightbox-gallery-1\"><img loading=\"lazy\" decoding=\"async\" src=\"https:\/\/juergen-ladda.de\/wp-content\/uploads\/2020\/03\/wimmelbild_illu-1024x576.jpg\" width=\"525\" height=\"295\" alt=\"\" \/><\/a> <\/li> <li class=\"rl-gallery-item splide__slide\" data-thumb=\"https:\/\/juergen-ladda.de\/wp-content\/uploads\/2020\/03\/mtobe_illu-1024x576.jpg\"> <a href=\"https:\/\/juergen-ladda.de\/wp-content\/uploads\/2020\/03\/mtobe_illu-1024x576.jpg\" title=\"\" data-rl_title=\"\" class=\"rl-gallery-link\" data-rl_caption=\"\" data-rel=\"lightbox-gallery-1\"><img loading=\"lazy\" decoding=\"async\" src=\"https:\/\/juergen-ladda.de\/wp-content\/uploads\/2020\/03\/mtobe_illu-1024x576.jpg\" width=\"525\" height=\"295\" alt=\"\" \/><\/a> <\/li> <li class=\"rl-gallery-item splide__slide\" data-thumb=\"https:\/\/juergen-ladda.de\/wp-content\/uploads\/2020\/03\/weihnachtsmann_illu-1024x576.jpg\"> <a href=\"https:\/\/juergen-ladda.de\/wp-content\/uploads\/2020\/03\/weihnachtsmann_illu-1024x576.jpg\" title=\"\" data-rl_title=\"\" class=\"rl-gallery-link\" data-rl_caption=\"\" data-rel=\"lightbox-gallery-1\"><img loading=\"lazy\" decoding=\"async\" src=\"https:\/\/juergen-ladda.de\/wp-content\/uploads\/2020\/03\/weihnachtsmann_illu-1024x576.jpg\" width=\"525\" height=\"295\" alt=\"\" \/><\/a> <\/li> <li class=\"rl-gallery-item splide__slide\" data-thumb=\"https:\/\/juergen-ladda.de\/wp-content\/uploads\/2020\/03\/kaffetasse_illu-1024x576.jpg\"> <a href=\"https:\/\/juergen-ladda.de\/wp-content\/uploads\/2020\/03\/kaffetasse_illu-1024x576.jpg\" title=\"\" data-rl_title=\"\" class=\"rl-gallery-link\" data-rl_caption=\"\" data-rel=\"lightbox-gallery-1\"><img loading=\"lazy\" decoding=\"async\" src=\"https:\/\/juergen-ladda.de\/wp-content\/uploads\/2020\/03\/kaffetasse_illu-1024x576.jpg\" width=\"525\" height=\"295\" alt=\"\" \/><\/a> <\/li> <li class=\"rl-gallery-item splide__slide\" data-thumb=\"https:\/\/juergen-ladda.de\/wp-content\/uploads\/2020\/03\/fruestueck_illu-1024x576.jpg\"> <a href=\"https:\/\/juergen-ladda.de\/wp-content\/uploads\/2020\/03\/fruestueck_illu-1024x576.jpg\" title=\"\" data-rl_title=\"\" class=\"rl-gallery-link\" data-rl_caption=\"\" data-rel=\"lightbox-gallery-1\"><img loading=\"lazy\" decoding=\"async\" src=\"https:\/\/juergen-ladda.de\/wp-content\/uploads\/2020\/03\/fruestueck_illu-1024x576.jpg\" width=\"525\" height=\"295\" alt=\"\" \/><\/a> <\/li> <li class=\"rl-gallery-item splide__slide\" data-thumb=\"https:\/\/juergen-ladda.de\/wp-content\/uploads\/2020\/03\/abstrak_01-1024x576.jpg\"> <a href=\"https:\/\/juergen-ladda.de\/wp-content\/uploads\/2020\/03\/abstrak_01-1024x576.jpg\" title=\"\" data-rl_title=\"\" class=\"rl-gallery-link\" data-rl_caption=\"\" data-rel=\"lightbox-gallery-1\"><img loading=\"lazy\" decoding=\"async\" src=\"https:\/\/juergen-ladda.de\/wp-content\/uploads\/2020\/03\/abstrak_01-1024x576.jpg\" width=\"525\" height=\"295\" alt=\"\" \/><\/a> <\/li> <li class=\"rl-gallery-item splide__slide\" data-thumb=\"https:\/\/juergen-ladda.de\/wp-content\/uploads\/2020\/03\/abstrak_03-1024x576.jpg\"> <a href=\"https:\/\/juergen-ladda.de\/wp-content\/uploads\/2020\/03\/abstrak_03-1024x576.jpg\" title=\"\" data-rl_title=\"\" class=\"rl-gallery-link\" data-rl_caption=\"\" data-rel=\"lightbox-gallery-1\"><img loading=\"lazy\" decoding=\"async\" src=\"https:\/\/juergen-ladda.de\/wp-content\/uploads\/2020\/03\/abstrak_03-1024x576.jpg\" width=\"525\" height=\"295\" alt=\"\" \/><\/a> <\/li> <li class=\"rl-gallery-item splide__slide\" data-thumb=\"https:\/\/juergen-ladda.de\/wp-content\/uploads\/2020\/03\/fischteich-1024x576.jpg\"> <a href=\"https:\/\/juergen-ladda.de\/wp-content\/uploads\/2020\/03\/fischteich-1024x576.jpg\" title=\"\" data-rl_title=\"\" class=\"rl-gallery-link\" data-rl_caption=\"\" data-rel=\"lightbox-gallery-1\"><img loading=\"lazy\" decoding=\"async\" src=\"https:\/\/juergen-ladda.de\/wp-content\/uploads\/2020\/03\/fischteich-1024x576.jpg\" width=\"525\" height=\"295\" alt=\"\" \/><\/a> <\/li> <li class=\"rl-gallery-item splide__slide\" data-thumb=\"https:\/\/juergen-ladda.de\/wp-content\/uploads\/2020\/03\/acrylbild_q3-1024x576.jpg\"> <a href=\"https:\/\/juergen-ladda.de\/wp-content\/uploads\/2020\/03\/acrylbild_q3-1024x576.jpg\" title=\"\" data-rl_title=\"\" class=\"rl-gallery-link\" data-rl_caption=\"\" data-rel=\"lightbox-gallery-1\"><img loading=\"lazy\" decoding=\"async\" src=\"https:\/\/juergen-ladda.de\/wp-content\/uploads\/2020\/03\/acrylbild_q3-1024x576.jpg\" width=\"525\" height=\"295\" alt=\"\" \/><\/a> <\/li> <\/ul> <\/div> <\/div>\n\n\n<p><\/p>\n","protected":false},"excerpt":{"rendered":"<p>Nach Absprache mt Kunden und Aufraggebern fertige ich grobe Skizzen mit Bleistift an. Die finale Version bearbeite ich meist im Computer und gebe Farbe und Hintergrund hinzu. Je nach Auftrag wird die Illustrationen als hochaufl\u00f6sende Pixel- oder Vektordatei f\u00fcr den Druck, oder als JPG-, PNG- oder GIF-Datei f\u00fcr den digitalen Bereich zur Verf\u00fcgung gestellt.<\/p>\n","protected":false},"author":1,"featured_media":268,"parent":0,"menu_order":0,"comment_status":"closed","ping_status":"closed","template":"","meta":{"footnotes":""},"class_list":["post-25","page","type-page","status-publish","has-post-thumbnail","hentry"],"_links":{"self":[{"href":"https:\/\/juergen-ladda.de\/index.php?rest_route=\/wp\/v2\/pages\/25","targetHints":{"allow":["GET"]}}],"collection":[{"href":"https:\/\/juergen-ladda.de\/index.php?rest_route=\/wp\/v2\/pages"}],"about":[{"href":"https:\/\/juergen-ladda.de\/index.php?rest_route=\/wp\/v2\/types\/page"}],"author":[{"embeddable":true,"href":"https:\/\/juergen-ladda.de\/index.php?rest_route=\/wp\/v2\/users\/1"}],"replies":[{"embeddable":true,"href":"https:\/\/juergen-ladda.de\/index.php?rest_route=%2Fwp%2Fv2%2Fcomments&post=25"}],"version-history":[{"count":8,"href":"https:\/\/juergen-ladda.de\/index.php?rest_route=\/wp\/v2\/pages\/25\/revisions"}],"predecessor-version":[{"id":292,"href":"https:\/\/juergen-ladda.de\/index.php?rest_route=\/wp\/v2\/pages\/25\/revisions\/292"}],"wp:featuredmedia":[{"embeddable":true,"href":"https:\/\/juergen-ladda.de\/index.php?rest_route=\/wp\/v2\/media\/268"}],"wp:attachment":[{"href":"https:\/\/juergen-ladda.de\/index.php?rest_route=%2Fwp%2Fv2%2Fmedia&parent=25"}],"curies":[{"name":"wp","href":"https:\/\/api.w.org\/{rel}","templated":true}]}}