{"id":20,"date":"2020-02-02T13:35:43","date_gmt":"2020-02-02T13:35:43","guid":{"rendered":"http:\/\/juergen-ladda.de\/?page_id=20"},"modified":"2020-04-18T08:18:37","modified_gmt":"2020-04-18T08:18:37","slug":"ueber-mich","status":"publish","type":"page","link":"https:\/\/juergen-ladda.de\/?page_id=20","title":{"rendered":"\u00dcber mich"},"content":{"rendered":"\n<p class=\"has-text-color has-very-dark-gray-color\">Als diplomierter Grafik-Designer kann ich auf ann\u00e4hernd 30 Jahre Berufserfahrung in Agenturen zur\u00fcckblicken. Als Art Director entwickelte ich f\u00fcr nationale und internationale Firmen konzeptionelle und gestalterisch kreative Kommunikations- und Designl\u00f6sungen.<\/p>\n\n\n\n<p>Seit 2020 \u00fcbernehme ich als freiberuflicher Grafiker und Art-Director auch Illustrations-Auftr\u00e4ge f\u00fcr Agenturen, Verlage, Firmen und Organisationen. Ich bin Ansprechpartner f\u00fcr Konzeption und Visualisierung von Kampagnen und Produktstories.  <\/p>\n\n\n\n<p>Meine Leidenschaft gilt der Illustration und dem Illustrieren. Ich bin fit in den Themen Healthcare &amp; Beauty und bereit, auch jede andere Productrange anzugehen. <\/p>\n\n\n\n<p>Sprechen Sie mich an. Gerne schicke ich Ihnen Arbeitsproben im PDF-Format zu.<\/p>\n\n\n\n<p><\/p>\n\n\n\n<p class=\"has-text-color has-cyan-bluish-gray-color\">Bayer Vital, Leverkusen \u00b7 Galderma, Deutschland \u00b7 Hoechst Marion Roussel \u00b7 Asta Medica \u00b7 Abbott, Deutschland \u00b7 Novo Nordisk \u00b7 Pfizer, Karlsruhe \u00b7 Johnson &amp; Johnson, D\u00fcsseldorf \u00b7 A+G Lifescience \u00b7 easyway \u00b7 Bauerfeind \u00b7 Baxter Oncology \u00b7 Fujisawa, Deutschland \u00b7 Klosterfrau \u00b7 Medronic \u00b7 Orthomol \u00b7 MIP Pharma \u00b7 Shire \u00b7 Stadapharm \u00b7 Thuasne \u00b7 ratiopharm \u00b7 Bayer Healthcare, Leverkusen \u00b7 Heel Pharma \u00b7 Norgine \u00b7 Mucos \u00b7 Steigerwald \u00b7 Desitin \u00b7 Engelhard Arzneimittel \u00b7 Berlin Chemie \u00b7 Daiichi-Sankyo Pharma \u00b7 Sanofi Aventis \u00b7 UCB \u00b7 neuraxpharm \u00b7 W\u00f6rwag Pharma \u00b7 u.v.a<\/p>\n\n\n\n<p><\/p>\n","protected":false},"excerpt":{"rendered":"<p>Als diplomierter Grafik-Designer kann ich auf ann\u00e4hernd 30 Jahre Berufserfahrung in Agenturen zur\u00fcckblicken. Als Art Director entwickelte ich f\u00fcr nationale und internationale Firmen konzeptionelle und gestalterisch kreative Kommunikations- und Designl\u00f6sungen. Seit 2020 \u00fcbernehme ich als freiberuflicher Grafiker und Art-Director auch Illustrations-Auftr\u00e4ge f\u00fcr Agenturen, Verlage, Firmen und Organisationen. Ich bin Ansprechpartner f\u00fcr Konzeption und Visualisierung von &hellip; <\/p>\n<p class=\"link-more\"><a href=\"https:\/\/juergen-ladda.de\/?page_id=20\" class=\"more-link\"><span class=\"screen-reader-text\">\u201e\u00dcber mich\u201c <\/span>weiterlesen<\/a><\/p>\n","protected":false},"author":1,"featured_media":315,"parent":25,"menu_order":0,"comment_status":"closed","ping_status":"closed","template":"","meta":{"footnotes":""},"class_list":["post-20","page","type-page","status-publish","has-post-thumbnail","hentry"],"_links":{"self":[{"href":"https:\/\/juergen-ladda.de\/index.php?rest_route=\/wp\/v2\/pages\/20","targetHints":{"allow":["GET"]}}],"collection":[{"href":"https:\/\/juergen-ladda.de\/index.php?rest_route=\/wp\/v2\/pages"}],"about":[{"href":"https:\/\/juergen-ladda.de\/index.php?rest_route=\/wp\/v2\/types\/page"}],"author":[{"embeddable":true,"href":"https:\/\/juergen-ladda.de\/index.php?rest_route=\/wp\/v2\/users\/1"}],"replies":[{"embeddable":true,"href":"https:\/\/juergen-ladda.de\/index.php?rest_route=%2Fwp%2Fv2%2Fcomments&post=20"}],"version-history":[{"count":24,"href":"https:\/\/juergen-ladda.de\/index.php?rest_route=\/wp\/v2\/pages\/20\/revisions"}],"predecessor-version":[{"id":321,"href":"https:\/\/juergen-ladda.de\/index.php?rest_route=\/wp\/v2\/pages\/20\/revisions\/321"}],"up":[{"embeddable":true,"href":"https:\/\/juergen-ladda.de\/index.php?rest_route=\/wp\/v2\/pages\/25"}],"wp:featuredmedia":[{"embeddable":true,"href":"https:\/\/juergen-ladda.de\/index.php?rest_route=\/wp\/v2\/media\/315"}],"wp:attachment":[{"href":"https:\/\/juergen-ladda.de\/index.php?rest_route=%2Fwp%2Fv2%2Fmedia&parent=20"}],"curies":[{"name":"wp","href":"https:\/\/api.w.org\/{rel}","templated":true}]}}